{"id":1830,"date":"2020-04-01T11:35:52","date_gmt":"2020-04-01T11:35:52","guid":{"rendered":"http:\/\/novalab.bold-themes.com\/main-demo\/?page_id=1830"},"modified":"2022-10-29T05:56:23","modified_gmt":"2022-10-29T03:56:23","slug":"about-sonia-delva","status":"publish","type":"page","link":"https:\/\/delvaconsulting.com\/fr\/about-sonia-delva\/","title":{"rendered":"\u00c0 propos de Sonia Delva"},"content":{"rendered":"<div class=\"bt_bb_wrapper\"><section id=\"bt_bb_section69dae4463af11\" data-parallax=\"0.7\" data-parallax-offset=\"-150\" class=\"bt_bb_section bt_bb_color_scheme_16 bt_bb_layout_wide bt_bb_vertical_align_top bt_bb_parallax\" ><div class=\"bt_bb_port\"><div class=\"bt_bb_cell\"><div class=\"bt_bb_cell_inner\"><div class=\"bt_bb_row_wrapper bt_bb_row_width_boxed_1200 bt_bb_row_push_right bt_bb_row_push_left bt_bb_content_wide\"><div  class=\"bt_bb_row bt_bb_animation_fade_in bt_bb_animation_move_right animate bt_bb_animation_fade_in move_right animate\" ><div  class=\"bt_bb_column col-xl-3 bt_bb_align_left bt_bb_vertical_align_top bt_bb_padding_normal btLazyLoadBackground bt_bb_column_background_image bt_bb_details_right-inner bt_bb_details-color_white\" style=\"position: relative;background-image:url(&#039;https:\/\/delvaconsulting.com\/wp-content\/plugins\/bold-page-builder\/img\/blank.gif&#039;);\" data-background_image_src='https:\/\/delvaconsulting.com\/wp-content\/uploads\/2020\/04\/service_5.jpg' data-width=\"3\" data-bt-override-class=\"{&quot;bt_bb_align_&quot;:{&quot;current_class&quot;:&quot;bt_bb_align_left&quot;,&quot;xl&quot;:&quot;left&quot;}}\"><div class=\"bt_bb_column_content\"><div class=\"bt_bb_column_content_inner\"><\/div><\/div><\/div><div  class=\"bt_bb_column col-xl-6 bt_bb_align_left bt_bb_vertical_align_top bt_bb_padding_20 bt_bb_details-color_white\" style=\"background-color:rgba(255, 255, 255, 1);\" data-width=\"6\" data-bt-override-class=\"{}\"><div class=\"bt_bb_column_content\"><div class=\"bt_bb_column_content_inner\"><div class=\"bt_bb_separator bt_bb_bottom_spacing_large bt_bb_border_style_none bt_bb_border_color_none\"><\/div><header class=\"bt_bb_headline bt_bb_dash_none bt_bb_size_normal bt_bb_align_inherit\" data-bt-override-class=\"{&quot;bt_bb_align_&quot;:{&quot;current_class&quot;:&quot;bt_bb_align_inherit&quot;,&quot;xl&quot;:&quot;inherit&quot;}}\"><h2 class=\"bt_bb_headline_tag\"><span class=\"bt_bb_headline_content\"><span>Sonia Delva, inf., B. Sc.<\/span><\/span><\/h2><\/header><div class=\"bt_bb_separator bt_bb_bottom_spacing_small bt_bb_border_style_none\"><\/div><div  class=\"bt_bb_text\" ><p>Je suis la fondatrice de Delva Consulting Inc. et j'ai plus de 20 ans d'exp\u00e9rience dans le domaine de la recherche clinique. Je suis bilingue, titulaire d'un baccalaur\u00e9at en sciences infirmi\u00e8res de l'Universit\u00e9 de Montr\u00e9al et j\u2019ai re\u00e7u des attestations en CIH-BPC. Mon expertise en recherche clinique a \u00e9t\u00e9 d\u00e9velopp\u00e9e gr\u00e2ce \u00e0 de nombreuses ann\u00e9es d'exp\u00e9rience pratique dans plusieurs domaines th\u00e9rapeutiques (infirmi\u00e8re clinicienne, associ\u00e9e de recherche clinique (ARC), gestionnaire de projet, gestionnaire d'\u00e9tude et coordonnatrice de recherche clinique).<\/p>\n<\/div><div class=\"bt_bb_separator bt_bb_bottom_spacing_normal bt_bb_border_style_none\"><\/div><div class=\"bt_bb_service bt_bb_color_scheme_3 bt_bb_style_borderless bt_bb_size_normal bt_bb_shape_circle bt_bb_align_inherit bt_bb_title_color_scheme_3\" data-bt-override-class=\"{&quot;bt_bb_size_&quot;:{&quot;current_class&quot;:&quot;bt_bb_size_normal&quot;,&quot;xl&quot;:&quot;normal&quot;},&quot;bt_bb_align_&quot;:{&quot;current_class&quot;:&quot;bt_bb_align_inherit&quot;,&quot;xl&quot;:&quot;inherit&quot;}}\"><a href=\"tel:(514) 917-8287\"  target=\"_self\"  title=\"T\u00c9L\u00c9PHONE\"  data-ico-icon7stroke=\"&#xe670;\" class=\"bt_bb_icon_holder\"><\/a><div class=\"bt_bb_service_content\"><div class=\"bt_bb_service_content_title\"><a href=\"tel:(514)%20917-8287\" target=\"_self\">T\u00c9L\u00c9PHONE<\/a><\/div><\/div><\/div><a href=\"tel:(514) 917-8287\" style=\"margin-left: -95px!important\">(514) 917-8287\n<\/a><div class=\"bt_bb_separator bt_bb_top_spacing_extra_small bt_bb_bottom_spacing_small bt_bb_border_style_none bt_bb_border_color_none\"><\/div><div class=\"bt_bb_service bt_bb_color_scheme_3 bt_bb_style_borderless bt_bb_size_normal bt_bb_shape_circle bt_bb_align_inherit bt_bb_title_color_scheme_3\" data-bt-override-class=\"{&quot;bt_bb_size_&quot;:{&quot;current_class&quot;:&quot;bt_bb_size_normal&quot;,&quot;xl&quot;:&quot;normal&quot;},&quot;bt_bb_align_&quot;:{&quot;current_class&quot;:&quot;bt_bb_align_inherit&quot;,&quot;xl&quot;:&quot;inherit&quot;}}\"><a href=\"mailto:delva_s@hotmail.com\"  target=\"_self\"  title=\"COURRIEL\"  data-ico-icon7stroke=\"&#xe63b;\" class=\"bt_bb_icon_holder\"><\/a><div class=\"bt_bb_service_content\"><div class=\"bt_bb_service_content_title\"><a href=\"mailto:delva_s@hotmail.com\" target=\"_self\">COURRIEL<\/a><\/div><\/div><\/div><a href=\"mailto:delva_s@hotmail.com\" style=\"margin-left: -80px!important\">delva_s@hotmail.com\n<\/a><div class=\"bt_bb_separator bt_bb_bottom_spacing_normal bt_bb_border_style_none\"><\/div><div class=\"bt_bb_separator bt_bb_top_spacing_normal bt_bb_bottom_spacing_normal bt_bb_border_style_solid\"><\/div><header class=\"bt_bb_headline bt_bb_dash_none bt_bb_size_small bt_bb_align_inherit btNoHeadline\" data-bt-override-class=\"{&quot;bt_bb_align_&quot;:{&quot;current_class&quot;:&quot;bt_bb_align_inherit&quot;,&quot;xl&quot;:&quot;inherit&quot;}}\"><\/header><div class=\"bt_bb_separator bt_bb_bottom_spacing_normal bt_bb_border_style_none\"><\/div><div class=\"bt_bb_separator bt_bb_bottom_spacing_large bt_bb_border_style_none bt_bb_border_color_none\"><\/div><\/div><\/div><\/div><div  class=\"bt_bb_column col-xl-3 bt_bb_align_left bt_bb_vertical_align_top bt_bb_padding_normal bt_bb_details_left bt_bb_details-color_white\"  data-width=\"3\" data-bt-override-class=\"{}\"><div class=\"bt_bb_column_content\"><div class=\"bt_bb_column_content_inner\"><\/div><\/div><\/div><\/div><\/div><\/div><\/div><\/div><\/section><\/div>","protected":false},"excerpt":{"rendered":"","protected":false},"author":2,"featured_media":2788,"parent":0,"menu_order":0,"comment_status":"closed","ping_status":"closed","template":"","meta":[],"_links":{"self":[{"href":"https:\/\/delvaconsulting.com\/fr\/wp-json\/wp\/v2\/pages\/1830"}],"collection":[{"href":"https:\/\/delvaconsulting.com\/fr\/wp-json\/wp\/v2\/pages"}],"about":[{"href":"https:\/\/delvaconsulting.com\/fr\/wp-json\/wp\/v2\/types\/page"}],"author":[{"embeddable":true,"href":"https:\/\/delvaconsulting.com\/fr\/wp-json\/wp\/v2\/users\/2"}],"replies":[{"embeddable":true,"href":"https:\/\/delvaconsulting.com\/fr\/wp-json\/wp\/v2\/comments?post=1830"}],"version-history":[{"count":29,"href":"https:\/\/delvaconsulting.com\/fr\/wp-json\/wp\/v2\/pages\/1830\/revisions"}],"predecessor-version":[{"id":3433,"href":"https:\/\/delvaconsulting.com\/fr\/wp-json\/wp\/v2\/pages\/1830\/revisions\/3433"}],"wp:featuredmedia":[{"embeddable":true,"href":"https:\/\/delvaconsulting.com\/fr\/wp-json\/wp\/v2\/media\/2788"}],"wp:attachment":[{"href":"https:\/\/delvaconsulting.com\/fr\/wp-json\/wp\/v2\/media?parent=1830"}],"curies":[{"name":"wp","href":"https:\/\/api.w.org\/{rel}","templated":true}]}}